{"id":2842,"date":"2022-01-25T19:15:10","date_gmt":"2022-01-25T19:15:10","guid":{"rendered":"http:\/\/laboratoriotecsolo.com.br\/?page_id=2842"},"modified":"2023-09-18T14:24:24","modified_gmt":"2023-09-18T14:24:24","slug":"download-de-licencas-e-documentos-do-laboratorio","status":"publish","type":"page","link":"https:\/\/laboratoriotecsolo.com.br\/?page_id=2842","title":{"rendered":"DOWNLOAD DE LICEN\u00c7AS E DOCUMENTOS DO LABORAT\u00d3RIO"},"content":{"rendered":"\n<p><\/p>\n\n\n<p><strong data-rich-text-format-boundary=\"true\">DOCUMENTOS LEGAIS <\/strong><\/p>\n<p><a href=\"http:\/\/laboratoriotecsolo.com.br\/wp-content\/uploads\/2023\/09\/Certificado.pdf\">Licen\u00e7a Sanit\u00e1ria<\/a><\/p>\n<p><a href=\"http:\/\/laboratoriotecsolo.com.br\/wp-content\/uploads\/2023\/09\/Licenca-Ambiental.pdf\">Licen\u00e7a Ambiental<\/a><\/p>\n<p><strong data-rich-text-format-boundary=\"true\">ORIENTA\u00c7\u00d5ES E FORMUL\u00c1RIOS PARA CLIENTES\u00a0<\/strong><\/p>\n<p><a href=\"http:\/\/laboratoriotecsolo.com.br\/wp-content\/uploads\/2023\/09\/F03-Ficha-de-Coleta-Agua-Particular.pdf\">F03 Ficha de Coleta \u00c1gua, Particular<\/a><\/p>\n<p><a href=\"http:\/\/laboratoriotecsolo.com.br\/wp-content\/uploads\/2023\/09\/F07-Clientes-Orientacoes-Para-Coletas-de-Aguas.pdf\">F07 &#8211; Clientes Orienta\u00e7\u00f5es Para Coletas de \u00c1guas<\/a><\/p>\n<p><a href=\"http:\/\/laboratoriotecsolo.com.br\/wp-content\/uploads\/2023\/09\/F10-Ficha-de-Coleta-Solos.pdf\">F10, Ficha de Coleta , Solos<\/a><\/p>\n<p>\u00a0<\/p>","protected":false},"excerpt":{"rendered":"<p>DOCUMENTOS LEGAIS Licen\u00e7a Sanit\u00e1ria Licen\u00e7a Ambiental ORIENTA\u00c7\u00d5ES E FORMUL\u00c1RIOS PARA CLIENTES\u00a0 F03 Ficha de Coleta \u00c1gua, Particular F07 &#8211; Clientes Orienta\u00e7\u00f5es Para Coletas de \u00c1guas F10, Ficha de Coleta , Solos \u00a0<\/p>\n","protected":false},"author":8,"featured_media":0,"parent":0,"menu_order":0,"comment_status":"closed","ping_status":"closed","template":"","meta":{"nf_dc_page":"","_eb_attr":"","_mi_skip_tracking":false,"site-sidebar-layout":"default","site-content-layout":"default","ast-global-header-display":"","ast-main-header-display":"","ast-hfb-above-header-display":"","ast-hfb-below-header-display":"","ast-hfb-mobile-header-display":"","site-post-title":"","ast-breadcrumbs-content":"","ast-featured-img":"","footer-sml-layout":"","theme-transparent-header-meta":"","adv-header-id-meta":"","stick-header-meta":"","header-above-stick-meta":"","header-main-stick-meta":"","header-below-stick-meta":""},"_links":{"self":[{"href":"https:\/\/laboratoriotecsolo.com.br\/index.php?rest_route=\/wp\/v2\/pages\/2842"}],"collection":[{"href":"https:\/\/laboratoriotecsolo.com.br\/index.php?rest_route=\/wp\/v2\/pages"}],"about":[{"href":"https:\/\/laboratoriotecsolo.com.br\/index.php?rest_route=\/wp\/v2\/types\/page"}],"author":[{"embeddable":true,"href":"https:\/\/laboratoriotecsolo.com.br\/index.php?rest_route=\/wp\/v2\/users\/8"}],"replies":[{"embeddable":true,"href":"https:\/\/laboratoriotecsolo.com.br\/index.php?rest_route=%2Fwp%2Fv2%2Fcomments&post=2842"}],"version-history":[{"count":4,"href":"https:\/\/laboratoriotecsolo.com.br\/index.php?rest_route=\/wp\/v2\/pages\/2842\/revisions"}],"predecessor-version":[{"id":8653,"href":"https:\/\/laboratoriotecsolo.com.br\/index.php?rest_route=\/wp\/v2\/pages\/2842\/revisions\/8653"}],"wp:attachment":[{"href":"https:\/\/laboratoriotecsolo.com.br\/index.php?rest_route=%2Fwp%2Fv2%2Fmedia&parent=2842"}],"curies":[{"name":"wp","href":"https:\/\/api.w.org\/{rel}","templated":true}]}}